{"id":79,"date":"2019-11-26T19:44:27","date_gmt":"2019-11-26T19:44:27","guid":{"rendered":"https:\/\/gruene-emsland.de\/?page_id=79"},"modified":"2025-02-10T18:39:48","modified_gmt":"2025-02-10T18:39:48","slug":"kontakt","status":"publish","type":"page","link":"https:\/\/gruene-emsland.de\/?page_id=79","title":{"rendered":"Kontakt"},"content":{"rendered":"\n<p>Hier finden Sie eine Liste der Kontaktadressen der Gr\u00fcnen im Landkreis Emsland.<\/p>\n\n\n\n<div style=\"height:20px\" aria-hidden=\"true\" class=\"wp-block-spacer\"><\/div>\n\n\n\n<h4 class=\"wp-block-heading\">Kreisverband Landkreis Emsland<\/h4>\n\n\n\n<div class=\"wp-block-columns is-layout-flex wp-container-core-columns-is-layout-9d6595d7 wp-block-columns-is-layout-flex\">\n<div class=\"wp-block-column is-layout-flow wp-block-column-is-layout-flow\">\n<p>Allgemeine Informationen<br>Mitgliedschaft<\/p>\n<\/div>\n\n\n\n<div class=\"wp-block-column is-layout-flow wp-block-column-is-layout-flow\">\n<p>vorstand(at)gruene-emsland.de<br> <br><\/p>\n<\/div>\n<\/div>\n\n\n\n<figure class=\"wp-block-table\"><table><tbody><tr><td><img loading=\"lazy\" decoding=\"async\" width=\"150\" height=\"225\" class=\"wp-image-515\" style=\"width: 150px;\" src=\"https:\/\/gruene-emsland.de\/wp-content\/uploads\/2024\/06\/gruen-hannah-300.jpg\" alt=\"\" srcset=\"https:\/\/gruene-emsland.de\/wp-content\/uploads\/2024\/06\/gruen-hannah-300.jpg 300w, https:\/\/gruene-emsland.de\/wp-content\/uploads\/2024\/06\/gruen-hannah-300-100x150.jpg 100w\" sizes=\"auto, (max-width: 150px) 100vw, 150px\" \/><\/td><td><strong>Hannah Thomann<\/strong><br><strong>Wohnort:<\/strong> Surwold<br><strong>Vorstand Kreisverband Emsland: <\/strong>Vorsitz # 1\/2<br><strong>Vorstand Ortsverband Emsland Nord: <\/strong>Vorsitz <br><strong>Ortsverband: <\/strong>Emsland Nord<br><strong>Mandate:<\/strong><br>Mitglied im Gemeinderat Surwold<br><strong>Kontakt:<\/strong> Hannah-Thomann@gruene-emsland.de<\/td><\/tr><tr><td><img loading=\"lazy\" decoding=\"async\" width=\"150\" height=\"225\" class=\"wp-image-516\" style=\"width: 150px;\" src=\"https:\/\/gruene-emsland.de\/wp-content\/uploads\/2024\/06\/gruen-theresa-300.jpg\" alt=\"\" srcset=\"https:\/\/gruene-emsland.de\/wp-content\/uploads\/2024\/06\/gruen-theresa-300.jpg 300w, https:\/\/gruene-emsland.de\/wp-content\/uploads\/2024\/06\/gruen-theresa-300-100x150.jpg 100w\" sizes=\"auto, (max-width: 150px) 100vw, 150px\" \/><\/td><td><strong>Theresa Gothe<\/strong> (geb. 1984)<br><strong>Wohnort:<\/strong> Meppen<br><strong>Vorstand Kreisverband Emsland: <\/strong>Vorsitz # 1\/2<br><strong>Ortsverband: <\/strong>Emsland Mitte <br><strong>Kontakt:<\/strong> theresa.gothe@gruene-emsland.de<\/td><\/tr><tr><td><img loading=\"lazy\" decoding=\"async\" width=\"150\" height=\"225\" class=\"wp-image-518\" style=\"width: 150px;\" src=\"https:\/\/gruene-emsland.de\/wp-content\/uploads\/2024\/06\/gruen-martina-300.jpg\" alt=\"\" srcset=\"https:\/\/gruene-emsland.de\/wp-content\/uploads\/2024\/06\/gruen-martina-300.jpg 300w, https:\/\/gruene-emsland.de\/wp-content\/uploads\/2024\/06\/gruen-martina-300-100x150.jpg 100w\" sizes=\"auto, (max-width: 150px) 100vw, 150px\" \/><\/td><td><strong>Martina Markus<\/strong><br><strong>Wohnort:<\/strong> Meppen<br><strong>Vorstand Kreisverband Emsland: <\/strong>Kassenwartin<br><strong>Vorstand Ortsverband Emsland Mitte: <\/strong>Beisitzerin<br><strong>Ortsverband: <\/strong>Emsland Mitte<br><strong>Mandate:<\/strong><br>Mitglied im Stadtrat Meppen<br><strong>Kontakt:<\/strong> kasse-ov-meppen@web.de<\/td><\/tr><tr><td><img loading=\"lazy\" decoding=\"async\" width=\"150\" height=\"225\" class=\"wp-image-514\" style=\"width: 150px;\" src=\"https:\/\/gruene-emsland.de\/wp-content\/uploads\/2024\/06\/gruen-klemens-300.jpg\" alt=\"\" srcset=\"https:\/\/gruene-emsland.de\/wp-content\/uploads\/2024\/06\/gruen-klemens-300.jpg 300w, https:\/\/gruene-emsland.de\/wp-content\/uploads\/2024\/06\/gruen-klemens-300-100x150.jpg 100w\" sizes=\"auto, (max-width: 150px) 100vw, 150px\" \/><\/td><td><strong>Klemens Grolle<\/strong> (Geb. 1956)<br><strong>Wohnort:<\/strong> Spelle<br><strong>Vorstand Kreisverband Emsland: <\/strong>Beisitzer # 1\/4 <br><strong>Ortsverband: <\/strong>Emsland S\u00fcd<br><br><strong>Kontakt:<\/strong> klemens.grolle@gruene-emsland.de<\/td><\/tr><tr><td><img loading=\"lazy\" decoding=\"async\" width=\"150\" height=\"225\" class=\"wp-image-519\" style=\"width: 150px;\" src=\"https:\/\/gruene-emsland.de\/wp-content\/uploads\/2024\/06\/gruen-heiko-300.jpg\" alt=\"\" srcset=\"https:\/\/gruene-emsland.de\/wp-content\/uploads\/2024\/06\/gruen-heiko-300.jpg 300w, https:\/\/gruene-emsland.de\/wp-content\/uploads\/2024\/06\/gruen-heiko-300-100x150.jpg 100w\" sizes=\"auto, (max-width: 150px) 100vw, 150px\" \/><\/td><td><strong>Heiko L\u00fcbben<\/strong> (geb. 1973)<br><strong>Wohnort:<\/strong> Meppen<br><strong>Vorstand Kreisverband Emsland: <\/strong>Beisitzer # 1\/4 <br><strong>Ortsverband: <\/strong>Emsland Mitte<br><br><strong>Kontakt:<\/strong> h.luebben@gruene-emsland-mitte.de<\/td><\/tr><tr><td><img loading=\"lazy\" decoding=\"async\" width=\"150\" height=\"225\" class=\"wp-image-513\" style=\"width: 150px;\" src=\"https:\/\/gruene-emsland.de\/wp-content\/uploads\/2024\/06\/gruen-ralf-300.jpg\" alt=\"\" srcset=\"https:\/\/gruene-emsland.de\/wp-content\/uploads\/2024\/06\/gruen-ralf-300.jpg 300w, https:\/\/gruene-emsland.de\/wp-content\/uploads\/2024\/06\/gruen-ralf-300-100x150.jpg 100w\" sizes=\"auto, (max-width: 150px) 100vw, 150px\" \/><\/td><td><strong>Ralf Nehe<\/strong> (geb. 1978)<br><strong>Wohnort:<\/strong> Papenburg<br><strong>Vorstand Kreisverband Emsland: <\/strong>Beisitzer # 1\/4<br><strong>Vorstand Ortsverband Emsland Nord: <\/strong>Vorsitzender<br><br><strong>Kontakt:<\/strong> r.nehe@gruene-eln.de<\/td><\/tr><tr><td><\/td><td><\/td><\/tr><\/tbody><\/table><\/figure>\n\n\n\n<h4 class=\"wp-block-heading\">B\u00fcndnis 90 \/ Die Gr\u00fcnen im Emsl\u00e4ndischen Kreistag<\/h4>\n\n\n\n<figure class=\"wp-block-table\"><table><tbody><tr><td><img loading=\"lazy\" decoding=\"async\" width=\"145\" height=\"217\" class=\"wp-image-288\" style=\"width: 145px;\" src=\"https:\/\/gruene-emsland.de\/wp-content\/uploads\/2021\/11\/GRUeNE_Kuipers_Melanie.jpg\" alt=\"Melanie Kuipers\" srcset=\"https:\/\/gruene-emsland.de\/wp-content\/uploads\/2021\/11\/GRUeNE_Kuipers_Melanie.jpg 145w, https:\/\/gruene-emsland.de\/wp-content\/uploads\/2021\/11\/GRUeNE_Kuipers_Melanie-100x150.jpg 100w\" sizes=\"auto, (max-width: 145px) 100vw, 145px\" \/><\/td><td><strong>Melanie Kuipers<\/strong> (geb. 1975) <br><strong>Wohnort: <\/strong>Meppen (Aufgewachsen in Twist)<br><strong>Beruf: <\/strong>Unternehmerin<br><strong>Mitglied der Kreistagsfraktion der Gr\u00fcnen Emsland: <\/strong>seit 2021 <br><strong>Ortsverband: <\/strong>Emsland Mitte <br><strong>Fraktionsvorsitzende<\/strong><br><strong>Arbeisschwerpunkte: <\/strong><br>&#8211; <strong>Betriebsausschuss <\/strong>des Abfallwirtschaftsbetriebes Landkreis Emsland<br>&#8211; <strong>Ausschuss <\/strong>f\u00fcr Kultur und Tourismus<br>&#8211; Naturpark H\u00fcmmling e.V. <br>&#8211; Emsl\u00e4ndische Landschaft e.V. <br><strong>Kontakt: <\/strong>melanie.kuipers@gruene-emsland.de<\/td><\/tr><tr><td><img loading=\"lazy\" decoding=\"async\" width=\"145\" height=\"217\" class=\"wp-image-286\" style=\"width: 145px;\" src=\"https:\/\/gruene-emsland.de\/wp-content\/uploads\/2021\/11\/GRUeNE_Buss_Guenter.jpg\" alt=\"G\u00fcnter Buss\" srcset=\"https:\/\/gruene-emsland.de\/wp-content\/uploads\/2021\/11\/GRUeNE_Buss_Guenter.jpg 145w, https:\/\/gruene-emsland.de\/wp-content\/uploads\/2021\/11\/GRUeNE_Buss_Guenter-100x150.jpg 100w\" sizes=\"auto, (max-width: 145px) 100vw, 145px\" \/><\/td><td><strong>G\u00fcnther Buss<\/strong> (geb. 1957)<br><strong>Wohnort: <\/strong>Papenburg<br><strong>Beruf: <\/strong>Freiberuflicher Spielplatzplaner, Betrieb f\u00fcr Gr\u00fcnfl\u00e4chenpflege<br><strong>Mitglied der Kreistagsfraktion der Gr\u00fcnen Emsland: <\/strong> seit 2016<br><strong>Ortsverband:<\/strong> Emsland Nord<br><strong>Stellvertretender Fraktionsvorsitzender<\/strong><br><strong> <strong>Arbeitsschwerpunkte<\/strong> : <\/strong> <br>&#8211; <strong>Kreisausschuss<\/strong><br>&#8211; <strong>Ausschuss <\/strong>Schule<br>&#8211; Sparkassenzweckverband Emsland <br>Schule \/ Soziales<br><strong>Kontakt: <\/strong>guenter.buss@gruene-emsland.de<\/td><\/tr><tr><td><img loading=\"lazy\" decoding=\"async\" width=\"145\" height=\"217\" class=\"wp-image-285\" style=\"width: 145px;\" src=\"https:\/\/gruene-emsland.de\/wp-content\/uploads\/2021\/11\/GRUeNE_Breer_Nicolas.jpg\" alt=\"Nicolas Breer\" srcset=\"https:\/\/gruene-emsland.de\/wp-content\/uploads\/2021\/11\/GRUeNE_Breer_Nicolas.jpg 145w, https:\/\/gruene-emsland.de\/wp-content\/uploads\/2021\/11\/GRUeNE_Breer_Nicolas-100x150.jpg 100w\" sizes=\"auto, (max-width: 145px) 100vw, 145px\" \/><\/td><td><strong>Nicolas Breer<\/strong> (geb. 1992) <br><strong>Wohnort:<\/strong> Hasel\u00fcnne<br><strong>Beruf: <\/strong>Kinder- &amp; Jugendpsychotherapeut <br><strong>Mitglied der Kreistagsfraktion der Gr\u00fcnen Emsland: <\/strong>seit 2021  <br><strong>Ortsverband: <\/strong>Emsland Mitte <br><strong>Arbeitsschwerpunkte:  <\/strong><br>&#8211; <strong>Ausschuss <\/strong>Jugendhilfe und Sport<br>&#8211; <strong>Vorsitzender des Ausschusses f\u00fcr Finanzen und Beteiligungen<\/strong><br><strong>Kontakt: <\/strong>nicolas.breer@gruene-emsland.de<\/td><\/tr><tr><td><img loading=\"lazy\" decoding=\"async\" width=\"145\" height=\"217\" class=\"wp-image-287\" style=\"width: 145px;\" src=\"https:\/\/gruene-emsland.de\/wp-content\/uploads\/2021\/11\/GRUeNE_Grolle_Klemens.jpg\" alt=\"Klemens Grolle\" srcset=\"https:\/\/gruene-emsland.de\/wp-content\/uploads\/2021\/11\/GRUeNE_Grolle_Klemens.jpg 145w, https:\/\/gruene-emsland.de\/wp-content\/uploads\/2021\/11\/GRUeNE_Grolle_Klemens-100x150.jpg 100w\" sizes=\"auto, (max-width: 145px) 100vw, 145px\" \/><\/td><td><strong>Klemens Grolle  <\/strong>(geb. 1956)<br><strong>Wohnort:<\/strong> Spelle<br><strong>Beruf: <\/strong>Dipl. Ing. Maschinenbau<br><strong>Mitglied der Kreistagsfraktion der Gr\u00fcnen Emsland:<\/strong> seit 2021  <br><strong>Ortsverband: <\/strong>Emsland S\u00fcd  (gew\u00e4hlt im Wahlbezirk Spelle, Emsb\u00fcren, Salzbergen)<br><strong>Arbeitsschwerpunkte<\/strong>:  <br>&#8211; <strong>Ausschuss <\/strong>f\u00fcr Kreisentwicklung<br>&#8211; <strong>Ausschuss<\/strong> f\u00fcr Umwelt und Natur<br>&#8211; Sparkassenzweckverband Emsland <br><strong><em>Ansprechpartner f\u00fcr die Samtgemeinden Freren und Lengerich<\/em><\/strong><br><strong>Kontakt: <\/strong>klemens.grolle@gruene-emsland.de<\/td><\/tr><tr><td><img loading=\"lazy\" decoding=\"async\" width=\"145\" height=\"217\" class=\"wp-image-289\" style=\"width: 145px;\" src=\"https:\/\/gruene-emsland.de\/wp-content\/uploads\/2021\/11\/GRUeNE_Pellny_Martina.jpg\" alt=\"Martina Pellny\" srcset=\"https:\/\/gruene-emsland.de\/wp-content\/uploads\/2021\/11\/GRUeNE_Pellny_Martina.jpg 145w, https:\/\/gruene-emsland.de\/wp-content\/uploads\/2021\/11\/GRUeNE_Pellny_Martina-100x150.jpg 100w\" sizes=\"auto, (max-width: 145px) 100vw, 145px\" \/><\/td><td><strong>Martina Pellny <\/strong>(geb. 1968)<br><strong>Wohnort: <\/strong>Lingen<br><strong>Beruf: <\/strong>Diplom-Volkswirtin und Gesundheits\u00f6konomin. Viele Jahre im Ausland<br>t\u00e4tig f\u00fcr die WHO und GIZ (Gesellschaft f\u00fcr Internationale Zusammenarbeit).<br>Zur Zeit pflegende Angeh\u00f6rige.<br><strong>Mitglied der Kreistagsfraktion der Gr\u00fcnen Emsland:<\/strong> seit 2021 <br><strong>Ortsverband: <\/strong>Emsland S\u00fcd <br><strong>Arbeitsschwerpunkte: <\/strong><br>&#8211; <strong>Ausschuss <\/strong>f\u00fcr Soziales, Arbeit und Integration<br>&#8211; <strong>Ausschuss <\/strong>f\u00fcr Feuerschutz<br>Wirtschaft, Soziales, Gesundheit\/Pflege, Integration, Internationale Zusammenarbeit, <br>Erneuerbare Energien, Moor- u. Klimaschutz <br><strong>Kontakt: <\/strong>martina.pellny@gruene-emsland.de<\/td><\/tr><tr><td><img loading=\"lazy\" decoding=\"async\" width=\"150\" height=\"225\" class=\"wp-image-834\" style=\"width: 150px;\" src=\"https:\/\/gruene-emsland.de\/wp-content\/uploads\/2025\/12\/499551c7-5f31-49e8-b188-3fb61c7cb7dc.jpg\" alt=\"Jens Niemann\" srcset=\"https:\/\/gruene-emsland.de\/wp-content\/uploads\/2025\/12\/499551c7-5f31-49e8-b188-3fb61c7cb7dc.jpg 1069w, https:\/\/gruene-emsland.de\/wp-content\/uploads\/2025\/12\/499551c7-5f31-49e8-b188-3fb61c7cb7dc-400x600.jpg 400w, https:\/\/gruene-emsland.de\/wp-content\/uploads\/2025\/12\/499551c7-5f31-49e8-b188-3fb61c7cb7dc-800x1197.jpg 800w, https:\/\/gruene-emsland.de\/wp-content\/uploads\/2025\/12\/499551c7-5f31-49e8-b188-3fb61c7cb7dc-768x1149.jpg 768w, https:\/\/gruene-emsland.de\/wp-content\/uploads\/2025\/12\/499551c7-5f31-49e8-b188-3fb61c7cb7dc-1026x1536.jpg 1026w, https:\/\/gruene-emsland.de\/wp-content\/uploads\/2025\/12\/499551c7-5f31-49e8-b188-3fb61c7cb7dc-100x150.jpg 100w\" sizes=\"auto, (max-width: 150px) 100vw, 150px\" \/><\/td><td><strong><br>Jens Niemann <\/strong>(geb. 1966)<br><strong>Wohnort:<\/strong> Lingen<br><strong>Beruf:<\/strong> Freiberuflicher IT Berater<br><strong>Mitglied der Kreistagsfraktion der Gr\u00fcnen Emsland:<\/strong> seit 12.2025<br><strong>Mitglied Vorstand Ortsverband Emsland S\u00fcd: <\/strong> <br><strong>Ortsverband: <\/strong>Emsland S\u00fcd<br><strong>Arbeitsschwerpunkte: <\/strong><br>&#8211; <strong>Ausschuss <\/strong>Jugendhilfe und Sport<br>&#8211; Beirat Jobcenter<br><strong>Kontakt:<\/strong> jens.niemann@gruene-emsland.de<\/td><\/tr><\/tbody><\/table><\/figure>\n\n\n\n<div style=\"height:50px\" aria-hidden=\"true\" class=\"wp-block-spacer\"><\/div>\n\n\n\n<h4 class=\"wp-block-heading\">Ortsverband Emsland-Nord<\/h4>\n\n\n\n<p><\/p>\n\n\n\n<div style=\"height:20px\" aria-hidden=\"true\" class=\"wp-block-spacer\"><\/div>\n\n\n\n<h4 class=\"wp-block-heading\">Ortsverband Emsland-Mitte<\/h4>\n\n\n\n<div class=\"wp-block-columns is-layout-flex wp-container-core-columns-is-layout-9d6595d7 wp-block-columns-is-layout-flex\">\n<div class=\"wp-block-column is-layout-flow wp-block-column-is-layout-flow\">\n<p>Allgemeine Informationen<br>Mitgliedschaft<\/p>\n<\/div>\n\n\n\n<div class=\"wp-block-column is-layout-flow wp-block-column-is-layout-flow\">\n<p><a href=\"info@gruene-el-mitte.de\">info(at)gruene-el-mitte.de<\/a><br><a href=\"mitglieder@gruene-el-mitte.de\">mitglieder(at)gruene-el-mitte.de<\/a><\/p>\n<\/div>\n<\/div>\n\n\n\n<h4 class=\"wp-block-heading\">Ortsverband Emsland-S\u00fcd<\/h4>\n","protected":false},"excerpt":{"rendered":"<p>Hier finden Sie eine Liste der Kontaktadressen der Gr\u00fcnen im Landkreis Emsland. Kreisverband Landkreis Emsland Allgemeine InformationenMitgliedschaft vorstand(at)gruene-emsland.de B\u00fcndnis 90 \/ Die Gr\u00fcnen im Emsl\u00e4ndischen Kreistag Ortsverband Emsland-Nord Ortsverband Emsland-Mitte [&hellip;]<\/p>\n","protected":false},"author":1,"featured_media":0,"parent":0,"menu_order":0,"comment_status":"closed","ping_status":"closed","template":"","meta":{"footnotes":""},"class_list":["post-79","page","type-page","status-publish","hentry"],"_links":{"self":[{"href":"https:\/\/gruene-emsland.de\/index.php?rest_route=\/wp\/v2\/pages\/79","targetHints":{"allow":["GET"]}}],"collection":[{"href":"https:\/\/gruene-emsland.de\/index.php?rest_route=\/wp\/v2\/pages"}],"about":[{"href":"https:\/\/gruene-emsland.de\/index.php?rest_route=\/wp\/v2\/types\/page"}],"author":[{"embeddable":true,"href":"https:\/\/gruene-emsland.de\/index.php?rest_route=\/wp\/v2\/users\/1"}],"replies":[{"embeddable":true,"href":"https:\/\/gruene-emsland.de\/index.php?rest_route=%2Fwp%2Fv2%2Fcomments&post=79"}],"version-history":[{"count":13,"href":"https:\/\/gruene-emsland.de\/index.php?rest_route=\/wp\/v2\/pages\/79\/revisions"}],"predecessor-version":[{"id":715,"href":"https:\/\/gruene-emsland.de\/index.php?rest_route=\/wp\/v2\/pages\/79\/revisions\/715"}],"wp:attachment":[{"href":"https:\/\/gruene-emsland.de\/index.php?rest_route=%2Fwp%2Fv2%2Fmedia&parent=79"}],"curies":[{"name":"wp","href":"https:\/\/api.w.org\/{rel}","templated":true}]}}